{"id":402,"date":"2020-03-04T16:03:09","date_gmt":"2020-03-04T16:03:09","guid":{"rendered":"http:\/\/discotecanick.com\/?page_id=402"},"modified":"2025-04-10T16:39:43","modified_gmt":"2025-04-10T16:39:43","slug":"eventos-2","status":"publish","type":"page","link":"https:\/\/discotecanick.com\/?page_id=402","title":{"rendered":"EVENTOS"},"content":{"rendered":"\t\t<div data-elementor-type=\"wp-page\" data-elementor-id=\"402\" class=\"elementor elementor-402\">\n\t\t\t\t\t\t<section class=\"elementor-section elementor-top-section elementor-element elementor-element-1fdc5c10 elementor-section-boxed elementor-section-height-default elementor-section-height-default\" data-id=\"1fdc5c10\" data-element_type=\"section\">\n\t\t\t\t\t\t<div class=\"elementor-container elementor-column-gap-default\">\n\t\t\t\t\t<div class=\"elementor-column elementor-col-100 elementor-top-column elementor-element elementor-element-5bfacc7b\" data-id=\"5bfacc7b\" data-element_type=\"column\">\n\t\t\t<div class=\"elementor-widget-wrap elementor-element-populated\">\n\t\t\t\t\t\t<div class=\"elementor-element elementor-element-2277c22 elementor-widget elementor-widget-text-editor\" data-id=\"2277c22\" data-element_type=\"widget\" data-widget_type=\"text-editor.default\">\n\t\t\t\t<div class=\"elementor-widget-container\">\n\t\t\t\t\t\t\t\t\t<p><\/p>\n<h5>Hacemos cenas para grupos de m\u00e1s de 15 personas, los viernes y s\u00e1bados (para otros d\u00edas consultar), comenzamos a las 22:00 hasta las 23:30 aproximadamente, luego pod\u00e9is quedaros en el karaoke y en la discoteca sin ning\u00fan coste adicional. Tenemos picapicas de diferentes precios y una vez hay\u00e1is elegido el que m\u00e1s os agrade, necesitaremos el ingreso de una paga y se\u00f1al para hacer la reserva definitiva.<\/h5>\n<p><\/p>\n<p><\/p>\t\t\t\t\t\t\t\t<\/div>\n\t\t\t\t<\/div>\n\t\t\t\t\t<\/div>\n\t\t<\/div>\n\t\t\t\t\t<\/div>\n\t\t<\/section>\n\t\t\t\t<section class=\"elementor-section elementor-top-section elementor-element elementor-element-07cfc1c elementor-section-boxed elementor-section-height-default elementor-section-height-default\" data-id=\"07cfc1c\" data-element_type=\"section\">\n\t\t\t\t\t\t<div class=\"elementor-container elementor-column-gap-default\">\n\t\t\t\t\t<div class=\"elementor-column elementor-col-100 elementor-top-column elementor-element elementor-element-c81eebc\" data-id=\"c81eebc\" data-element_type=\"column\">\n\t\t\t<div class=\"elementor-widget-wrap elementor-element-populated\">\n\t\t\t\t\t\t<div class=\"elementor-element elementor-element-9fd26ca elementor-tabs-view-vertical elementor-widget elementor-widget-tabs\" data-id=\"9fd26ca\" data-element_type=\"widget\" data-widget_type=\"tabs.default\">\n\t\t\t\t<div class=\"elementor-widget-container\">\n\t\t\t\t\t\t\t<div class=\"elementor-tabs\">\n\t\t\t<div class=\"elementor-tabs-wrapper\" role=\"tablist\" >\n\t\t\t\t\t\t\t\t\t<div id=\"elementor-tab-title-1671\" class=\"elementor-tab-title elementor-tab-desktop-title\" aria-selected=\"true\" data-tab=\"1\" role=\"tab\" tabindex=\"0\" aria-controls=\"elementor-tab-content-1671\" aria-expanded=\"false\">Picapica fr\u00edo 28\u20ac<\/div>\n\t\t\t\t\t\t\t\t\t<div id=\"elementor-tab-title-1672\" class=\"elementor-tab-title elementor-tab-desktop-title\" aria-selected=\"false\" data-tab=\"2\" role=\"tab\" tabindex=\"-1\" aria-controls=\"elementor-tab-content-1672\" aria-expanded=\"false\">Picapica fr\u00edo 32\u20ac<\/div>\n\t\t\t\t\t\t\t\t\t<div id=\"elementor-tab-title-1673\" class=\"elementor-tab-title elementor-tab-desktop-title\" aria-selected=\"false\" data-tab=\"3\" role=\"tab\" tabindex=\"-1\" aria-controls=\"elementor-tab-content-1673\" aria-expanded=\"false\">Picapica fr\u00edo 38\u20ac<\/div>\n\t\t\t\t\t\t\t<\/div>\n\t\t\t<div class=\"elementor-tabs-content-wrapper\" role=\"tablist\" aria-orientation=\"vertical\">\n\t\t\t\t\t\t\t\t\t<div class=\"elementor-tab-title elementor-tab-mobile-title\" aria-selected=\"true\" data-tab=\"1\" role=\"tab\" tabindex=\"0\" aria-controls=\"elementor-tab-content-1671\" aria-expanded=\"false\">Picapica fr\u00edo 28\u20ac<\/div>\n\t\t\t\t\t<div id=\"elementor-tab-content-1671\" class=\"elementor-tab-content elementor-clearfix\" data-tab=\"1\" role=\"tabpanel\" aria-labelledby=\"elementor-tab-title-1671\" tabindex=\"0\" hidden=\"false\"><p style=\"text-align: center;\"><img fetchpriority=\"high\" decoding=\"async\" class=\"alignnone size-medium wp-image-200\" src=\"http:\/\/discotecanick.com\/wp-content\/uploads\/2020\/02\/jamon-y-hamburguesa-300x200.jpg\" alt=\"\" width=\"300\" height=\"200\" srcset=\"https:\/\/discotecanick.com\/wp-content\/uploads\/2020\/02\/jamon-y-hamburguesa-300x200.jpg 300w, https:\/\/discotecanick.com\/wp-content\/uploads\/2020\/02\/jamon-y-hamburguesa-768x512.jpg 768w, https:\/\/discotecanick.com\/wp-content\/uploads\/2020\/02\/jamon-y-hamburguesa.jpg 800w\" sizes=\"(max-width: 300px) 100vw, 300px\" \/><\/p>\n<p style=\"text-align: center;\">1 Panecillos con 1 Chapatitas de jam\u00f3n bodega Gran reserva bonito y olivas<\/p>\n<p style=\"text-align: center;\">2 Tri\u00e1ngulos de queso manchego semicurado con rega\u00f1as<\/p>\n<p style=\"text-align: center;\">1,5 Surtido de miniquitch variados<\/p>\n<p style=\"text-align: center;\">1,5 Foccacia de verduras con queso de cabra a la miel<\/p>\n<p style=\"text-align: center;\">2 Tri\u00e1ngulos de tortilla de patata<\/p>\n<p style=\"text-align: center;\">1 Dados de brie rebozados con mermelada de ar\u00e1ndanos<\/p>\n<p style=\"text-align: center;\">1,5 Croquetas de jam\u00f3n ib\u00e9rico<\/p>\n<p style=\"text-align: center;\">1 Mini frankfurts en brioix con chilimayo<\/p>\n<p style=\"text-align: center;\">1,5 Gyozas de verduritas y carne con soja y s\u00e9samo tostado<br \/>************<br \/>Sangr\u00eda (1 jarra litro cada 4 personas) o cerveza o refresco<br \/>***********<br \/>1 copa a elegir (excepto bebidas Premium)<\/p>\n<p style=\"text-align: center;\">\u00a0<\/p>\n<p style=\"text-align: center;\">En los precios est\u00e1 incluido el I.V.A. correspondiente, el acceso a la disco y al karaoke. Hay que confirmar 48 horas antes del evento, el n\u00famero de personas asistentes, en el caso que faltase alguna se cobrar\u00eda la parte del catering y no la de las bebidas. El picapica frio viene presentado en bandejas.<\/p>\n<p>\u00a0<\/p><\/div>\n\t\t\t\t\t\t\t\t\t<div class=\"elementor-tab-title elementor-tab-mobile-title\" aria-selected=\"false\" data-tab=\"2\" role=\"tab\" tabindex=\"-1\" aria-controls=\"elementor-tab-content-1672\" aria-expanded=\"false\">Picapica fr\u00edo 32\u20ac<\/div>\n\t\t\t\t\t<div id=\"elementor-tab-content-1672\" class=\"elementor-tab-content elementor-clearfix\" data-tab=\"2\" role=\"tabpanel\" aria-labelledby=\"elementor-tab-title-1672\" tabindex=\"0\" hidden=\"hidden\"><p style=\"text-align: center;\"><img decoding=\"async\" class=\"alignnone size-medium wp-image-198\" src=\"http:\/\/discotecanick.com\/wp-content\/uploads\/2020\/02\/2-rincon-intimo-300x200.jpg\" alt=\"\" width=\"300\" height=\"200\" srcset=\"https:\/\/discotecanick.com\/wp-content\/uploads\/2020\/02\/2-rincon-intimo-300x200.jpg 300w, https:\/\/discotecanick.com\/wp-content\/uploads\/2020\/02\/2-rincon-intimo-768x512.jpg 768w, https:\/\/discotecanick.com\/wp-content\/uploads\/2020\/02\/2-rincon-intimo.jpg 800w\" sizes=\"(max-width: 300px) 100vw, 300px\" \/><\/p>\n<p style=\"text-align: center;\">1 Chapatitas de jam\u00f3n bodega Gran reserva<\/p>\n<p style=\"text-align: center;\">1 Brioix de roast beef con mostaza antigua<\/p>\n<p style=\"text-align: center;\">1 Foie crocante sobre vol au vent con pimientos caramelizados<\/p>\n<p style=\"text-align: center;\">1 Croqueta artesanal de jam\u00f3n ib\u00e9rico<\/p>\n<p style=\"text-align: center;\">1 Croqueta artesanal de pollo<\/p>\n<p style=\"text-align: center;\">1,5 Dados de brie rebozados con mermelada de ar\u00e1ndanos<\/p>\n<p style=\"text-align: center;\">1 Samosas de ternera salteada al curry de indias<\/p>\n<p style=\"text-align: center;\">1 Wrap de pollo con salsa caesar, lechuga y tomate<\/p>\n<p style=\"text-align: center;\">1 Gyozas de verdurita y picada de carne con s\u00e9samo y soja<\/p>\n<p style=\"text-align: center;\">1,5 Langostinos rebozados en panko con salsa romesco<\/p>\n<p style=\"text-align: center;\">1 Miniburguer con queso cheddar y cebollita crunchy<\/p>\n<p style=\"text-align: center;\">1,5 Foccacia de verduras con queso de cabra a la miel<\/p>\n<p style=\"text-align: center;\">************<br \/>Sangr\u00eda (1 jarra litro cada 4 personas) o cerveza o refresco<br \/>***********<br \/>1 copa a elegir (excepto bebidas Premium)<\/p>\n<p style=\"text-align: center;\">\u00a0<\/p>\n<p style=\"text-align: center;\">\u00a0<\/p>\n<p style=\"text-align: center;\">En los precios est\u00e1 incluido el I.V.A. correspondiente, el acceso a la disco y al karaoke. Hay que confirmar 48 horas antes del evento, el n\u00famero de personas asistentes, en el caso que faltase alguna se cobrar\u00eda la parte del catering y no la de las bebidas. El picapica frio viene presentado en bandejas.<\/p>\n<p>\u00a0<\/p><\/div>\n\t\t\t\t\t\t\t\t\t<div class=\"elementor-tab-title elementor-tab-mobile-title\" aria-selected=\"false\" data-tab=\"3\" role=\"tab\" tabindex=\"-1\" aria-controls=\"elementor-tab-content-1673\" aria-expanded=\"false\">Picapica fr\u00edo 38\u20ac<\/div>\n\t\t\t\t\t<div id=\"elementor-tab-content-1673\" class=\"elementor-tab-content elementor-clearfix\" data-tab=\"3\" role=\"tabpanel\" aria-labelledby=\"elementor-tab-title-1673\" tabindex=\"0\" hidden=\"hidden\"><p style=\"text-align: center;\"><img decoding=\"async\" class=\"alignnone size-medium wp-image-197\" src=\"http:\/\/discotecanick.com\/wp-content\/uploads\/2020\/02\/restaurante-300x200.jpg\" alt=\"\" width=\"300\" height=\"200\" srcset=\"https:\/\/discotecanick.com\/wp-content\/uploads\/2020\/02\/restaurante-300x200.jpg 300w, https:\/\/discotecanick.com\/wp-content\/uploads\/2020\/02\/restaurante-768x512.jpg 768w, https:\/\/discotecanick.com\/wp-content\/uploads\/2020\/02\/restaurante.jpg 800w\" sizes=\"(max-width: 300px) 100vw, 300px\" \/><\/p>\n<p style=\"text-align: center;\">1 Chapatitas de jam\u00f3n ib\u00e9rico<\/p>\n<p style=\"text-align: center;\">1 Minipitas con salm\u00f3n ahumado, queso crema y mermelada de ar\u00e1ndanos<\/p>\n<p style=\"text-align: center;\">1 Brioix de roast beef con mostaza antigua<\/p>\n<p style=\"text-align: center;\">1 T\u00e1rtara de gambas con cebollino<\/p>\n<p style=\"text-align: center;\">1 Ternera, aceite trufado y mozzarella en emparedado crujiente<\/p>\n<p style=\"text-align: center;\">1,5 Surtido de croquetas artesanas de gamba al ajillo suave, cocido y jam\u00f3n ib\u00e9rico<\/p>\n<p style=\"text-align: center;\">1 Brocheta de solomillo de lech\u00f3n a baja temperatura con cebollitas perla y romesco<\/p>\n<p style=\"text-align: center;\">1 Foie crocante sobre vol au vent de pimientos caramelizados<\/p>\n<p style=\"text-align: center;\">1 Miniburguer con queso cheddar y cebolla crispy<\/p>\n<p style=\"text-align: center;\">1 Wrap de confir de pato con mango, lechuga y tomate<\/p>\n<p style=\"text-align: center;\">1 Gyozas de verduritas y carne picada con soja y s\u00e9samo<\/p>\n<p style=\"text-align: center;\">1 Samosas de ternera salteada al curry de indias<\/p>\n<p style=\"text-align: center;\">1 Dado de salm\u00f3n marinado en eneldo soble blini con mascarpone<\/p>\n<p style=\"text-align: center;\">************<br \/>Sangr\u00eda (1 jarra litro cada 4 personas) o cerveza o refresco<br \/>***********<br \/>1 copa a elegir (excepto bebidas Premium)<\/p>\n<p>\u00a0<\/p>\n<p style=\"text-align: left;\">En los precios est\u00e1 incluido el I.V.A. correspondiente, el acceso a la disco y al karaoke. Hay que confirmar 48 horas antes del evento, el n\u00famero de personas asistentes, en el caso que faltase alguna se cobrar\u00eda la parte del catering y no la de las bebidas. El picapica frio viene presentado en bandejas.<\/p>\n<p>\u00a0<\/p><\/div>\n\t\t\t\t\t\t\t<\/div>\n\t\t<\/div>\n\t\t\t\t\t\t<\/div>\n\t\t\t\t<\/div>\n\t\t\t\t\t<\/div>\n\t\t<\/div>\n\t\t\t\t\t<\/div>\n\t\t<\/section>\n\t\t\t\t<\/div>\n\t\t","protected":false},"excerpt":{"rendered":"<p>Hacemos cenas para grupos de m\u00e1s de 15 personas, los viernes y s\u00e1bados (para otros d\u00edas consultar), comenzamos a las 22:00 hasta las 23:30 aproximadamente, luego pod\u00e9is quedaros en el karaoke y en la discoteca sin ning\u00fan coste adicional. Tenemos picapicas de diferentes precios y una vez hay\u00e1is elegido el que m\u00e1s os agrade, necesitaremos &#8230; <a title=\"EVENTOS\" class=\"read-more\" href=\"https:\/\/discotecanick.com\/?page_id=402\" aria-label=\"Leer m\u00e1s sobre EVENTOS\">Leer m\u00e1s<\/a><\/p>\n","protected":false},"author":1,"featured_media":0,"parent":0,"menu_order":0,"comment_status":"closed","ping_status":"closed","template":"","meta":{"footnotes":""},"class_list":["post-402","page","type-page","status-publish"],"_links":{"self":[{"href":"https:\/\/discotecanick.com\/index.php?rest_route=\/wp\/v2\/pages\/402","targetHints":{"allow":["GET"]}}],"collection":[{"href":"https:\/\/discotecanick.com\/index.php?rest_route=\/wp\/v2\/pages"}],"about":[{"href":"https:\/\/discotecanick.com\/index.php?rest_route=\/wp\/v2\/types\/page"}],"author":[{"embeddable":true,"href":"https:\/\/discotecanick.com\/index.php?rest_route=\/wp\/v2\/users\/1"}],"replies":[{"embeddable":true,"href":"https:\/\/discotecanick.com\/index.php?rest_route=%2Fwp%2Fv2%2Fcomments&post=402"}],"version-history":[{"count":64,"href":"https:\/\/discotecanick.com\/index.php?rest_route=\/wp\/v2\/pages\/402\/revisions"}],"predecessor-version":[{"id":654,"href":"https:\/\/discotecanick.com\/index.php?rest_route=\/wp\/v2\/pages\/402\/revisions\/654"}],"wp:attachment":[{"href":"https:\/\/discotecanick.com\/index.php?rest_route=%2Fwp%2Fv2%2Fmedia&parent=402"}],"curies":[{"name":"wp","href":"https:\/\/api.w.org\/{rel}","templated":true}]}}