{"id":296,"date":"2020-03-01T09:20:18","date_gmt":"2020-03-01T09:20:18","guid":{"rendered":"http:\/\/discotecanick.com\/?page_id=296"},"modified":"2022-04-14T16:03:09","modified_gmt":"2022-04-14T16:03:09","slug":"elementor-296","status":"publish","type":"page","link":"https:\/\/discotecanick.com\/?page_id=296","title":{"rendered":"DONDE ESTAMOS"},"content":{"rendered":"<p><iframe frameborder=\"0\" scrolling=\"no\" marginheight=\"0\" marginwidth=\"0\" src=\"https:\/\/maps.google.com\/maps?q=Discoteca%20nick&amp;t=m&amp;z=16&amp;output=embed&amp;iwloc=near\" title=\"Discoteca nick\" aria-label=\"Discoteca nick\"><\/iframe><\/p>\n<h2 style=\"text-align: left;\"><strong>&nbsp;ABRIMOS LOS 365 D\u00cdAS DEL A\u00d1O<\/strong><\/h2>\n<h6 style=\"text-align: left;\">&nbsp;Direcci\u00f3n:&nbsp; &nbsp; Avda. de Madrid, 160&nbsp; &nbsp; &#8211; 08028&nbsp; &#8211;&nbsp; BARCELONA<\/h6>\n<h6 style=\"text-align: left;\">&nbsp;Email:&nbsp; &nbsp; &nbsp;info@discotecanick.com<\/h6>\n<h6 style=\"text-align: left;\">&nbsp;HORARIOS:<\/h6>\n<h6 style=\"text-align: left;\">&nbsp; &nbsp; &nbsp; &nbsp; &nbsp; &nbsp; &nbsp; &nbsp; &nbsp; &nbsp; &nbsp; &nbsp; De domingos a jueves&nbsp; &nbsp; &nbsp; &nbsp; &nbsp; Viernes, s\u00e1bados y v\u00edsperas<\/h6>\n<h6 style=\"text-align: left;\">&nbsp;DISCOTECA&nbsp; &nbsp; &nbsp; &#8211;&nbsp; &nbsp; &nbsp; &nbsp; &nbsp; &nbsp; &nbsp;23:00 a 05:00&nbsp; &nbsp; &nbsp; &nbsp; &nbsp; &nbsp; &nbsp; &nbsp; &nbsp; &nbsp; &nbsp; &nbsp; &nbsp; &nbsp; &nbsp; &nbsp; &nbsp; &nbsp;22:00 a 06:00<\/h6>\n<h6 style=\"text-align: left;\">&nbsp;KARAOKE&nbsp; &nbsp; &nbsp; &nbsp; &nbsp; &#8211;&nbsp; &nbsp; &nbsp; &nbsp; &nbsp; &nbsp; &nbsp;23:30 a&nbsp; 04:30&nbsp; &nbsp; &nbsp; &nbsp; &nbsp; &nbsp; &nbsp; &nbsp; &nbsp; &nbsp; &nbsp; &nbsp; &nbsp; &nbsp; &nbsp; &nbsp; &nbsp; &nbsp;23:30 a 05:00<\/h6>\n<figure>\n\t\t\t\t\t\t\t\t\t\t<img decoding=\"async\" src=\"https:\/\/discotecanick.com\/wp-content\/uploads\/elementor\/thumbs\/metro-e1583840548442-omd1xtjubfp2qty544caxc985w2ubkglt5xu75eze6.jpg\" title=\"metro\" alt=\"metro\"><figcaption>L3 Plaza Centro L1 Plaza Sants<\/figcaption><\/figure>\n<figure>\n\t\t\t\t\t\t\t\t\t\t<img decoding=\"async\" src=\"https:\/\/discotecanick.com\/wp-content\/uploads\/elementor\/thumbs\/bus-e1583840344590-omd1shsrw73jqqe18j036xea55rtjs4hwdmmbtauwe.png\" title=\"bus\" alt=\"bus\"><figcaption>54 &#8211; H10 &#8211; N3 &#8211; 70 &#8211; V5 &#8211; 75 &#8211; V3<\/figcaption><\/figure>\n","protected":false},"excerpt":{"rendered":"<p>&nbsp;ABRIMOS LOS 365 D\u00cdAS DEL A\u00d1O &nbsp;Direcci\u00f3n:&nbsp; &nbsp; Avda. de Madrid, 160&nbsp; &nbsp; &#8211; 08028&nbsp; &#8211;&nbsp; BARCELONA &nbsp;Email:&nbsp; &nbsp; &nbsp;info@discotecanick.com &nbsp;HORARIOS: &nbsp; &nbsp; &nbsp; &nbsp; &nbsp; &nbsp; &nbsp; &nbsp; &nbsp; &nbsp; &nbsp; &nbsp; De domingos a jueves&nbsp; &nbsp; &nbsp; &nbsp; &nbsp; Viernes, s\u00e1bados y v\u00edsperas &nbsp;DISCOTECA&nbsp; &nbsp; &nbsp; &#8211;&nbsp; &nbsp; &nbsp; &nbsp; &nbsp; &nbsp; &nbsp;23:00 &#8230; <a title=\"DONDE ESTAMOS\" class=\"read-more\" href=\"https:\/\/discotecanick.com\/?page_id=296\" aria-label=\"Leer m\u00e1s sobre DONDE ESTAMOS\">Leer m\u00e1s<\/a><\/p>\n","protected":false},"author":1,"featured_media":0,"parent":0,"menu_order":0,"comment_status":"closed","ping_status":"closed","template":"","meta":{"footnotes":""},"class_list":["post-296","page","type-page","status-publish"],"_links":{"self":[{"href":"https:\/\/discotecanick.com\/index.php?rest_route=\/wp\/v2\/pages\/296","targetHints":{"allow":["GET"]}}],"collection":[{"href":"https:\/\/discotecanick.com\/index.php?rest_route=\/wp\/v2\/pages"}],"about":[{"href":"https:\/\/discotecanick.com\/index.php?rest_route=\/wp\/v2\/types\/page"}],"author":[{"embeddable":true,"href":"https:\/\/discotecanick.com\/index.php?rest_route=\/wp\/v2\/users\/1"}],"replies":[{"embeddable":true,"href":"https:\/\/discotecanick.com\/index.php?rest_route=%2Fwp%2Fv2%2Fcomments&post=296"}],"version-history":[{"count":25,"href":"https:\/\/discotecanick.com\/index.php?rest_route=\/wp\/v2\/pages\/296\/revisions"}],"predecessor-version":[{"id":605,"href":"https:\/\/discotecanick.com\/index.php?rest_route=\/wp\/v2\/pages\/296\/revisions\/605"}],"wp:attachment":[{"href":"https:\/\/discotecanick.com\/index.php?rest_route=%2Fwp%2Fv2%2Fmedia&parent=296"}],"curies":[{"name":"wp","href":"https:\/\/api.w.org\/{rel}","templated":true}]}}